{"id":107,"date":"2026-02-17T20:42:14","date_gmt":"2026-02-17T19:42:14","guid":{"rendered":"https:\/\/www.lartedelabbacho.it\/?page_id=107"},"modified":"2026-02-17T20:42:14","modified_gmt":"2026-02-17T19:42:14","slug":"la-treviso-dellepoca","status":"publish","type":"page","link":"https:\/\/www.lartedelabbacho.it\/index.php\/la-treviso-dellepoca\/","title":{"rendered":"La Treviso dell&#8217;epoca"},"content":{"rendered":"\n<p>La Treviso del 1478, anno della stampa de <em>Larte de labbacho<\/em>, era una citt\u00e0 vibrante, strategica e in piena trasformazione sotto il dominio della <strong>Repubblica di Venezia<\/strong> (la &#8220;Serenissima&#8221;), che l&#8217;aveva acquisita stabilmente dal 1389.<\/p>\n\n\n\n<p>Ecco come si presentava la citt\u00e0 in quegli anni:<\/p>\n\n\n\n<h3 class=\"wp-block-heading\">Una &#8220;Citt\u00e0 d&#8217;Acque&#8221; e di Mulini<\/h3>\n\n\n\n<p>Treviso era (ed \u00e8) definita una &#8220;piccola Venezia&#8221; di terraferma. Nel XV secolo, la rete di canali formata dal Sile e dal Cagnan era il cuore pulsante dell&#8217;economia.<\/p>\n\n\n\n<ul class=\"wp-block-list\">\n<li><strong>I Mulini:<\/strong> Lungo i canali c&#8217;erano decine di mulini che macinavano il grano per Venezia. Molti dei problemi di matematica del libro (come quelli sul costo del frumento e del pane) riflettono esattamente questa realt\u00e0 economica.<\/li>\n\n\n\n<li><strong>Il Porto fluviale:<\/strong> Il Sile era la via principale per il trasporto delle merci verso la laguna veneta.<\/li>\n<\/ul>\n\n\n\n<h3 class=\"wp-block-heading\">Urbs Picta: La Citt\u00e0 Dipinta<\/h3>\n\n\n\n<p>In quegli anni, Treviso era celebre per le sue facciate affrescate. I palazzi dei mercanti venivano decorati con scene mitologiche e motivi geometrici, molti dei quali sono visibili ancora oggi. L&#8217;atmosfera era quella di una citt\u00e0 ricca, dove la nuova classe mercantile voleva mostrare il proprio status attraverso l&#8217;arte e la cultura (e l&#8217;istruzione, come dimostra il manuale d&#8217;abbaco).<\/p>\n\n\n\n<h3 class=\"wp-block-heading\">Centro di Innovazione: La Stampa<\/h3>\n\n\n\n<p>Treviso fu una delle prime citt\u00e0 in Italia ad accogliere l&#8217;invenzione di Gutenberg. Nel 1478 era un centro editoriale d&#8217;avanguardia. Tipografi come <strong>Gerardo da Lisa<\/strong> (fiammingo trasferitosi a Treviso) portarono una mentalit\u00e0 internazionale, rendendo possibile la pubblicazione di un&#8217;opera cos\u00ec innovativa che rompeva con il latino accademico per parlare la lingua dei commercianti.<\/p>\n\n\n\n<h3 class=\"wp-block-heading\">4. L&#8217;aspetto Urbano<\/h3>\n\n\n\n<ul class=\"wp-block-list\">\n<li><strong>Le Mura:<\/strong> Non erano ancora le imponenti mura rinascimentali che vediamo oggi (costruite nel XVI secolo), ma un sistema difensivo medievale pi\u00f9 antico.<\/li>\n\n\n\n<li><strong>Le Case:<\/strong> Molte abitazioni avevano il piano terra porticato per ospitare botteghe e magazzini, facilitando gli scambi descritti nel libro.<\/li>\n<\/ul>\n","protected":false},"excerpt":{"rendered":"<p>La Treviso del 1478, anno della stampa de Larte de labbacho, era una citt\u00e0 vibrante, strategica e in piena trasformazione sotto il dominio della Repubblica di Venezia (la &#8220;Serenissima&#8221;), che l&#8217;aveva acquisita stabilmente dal 1389. Ecco come si presentava la citt\u00e0 in quegli anni: Una &#8220;Citt\u00e0 d&#8217;Acque&#8221; e di Mulini Treviso era (ed \u00e8) definita [&hellip;]<\/p>\n","protected":false},"author":1,"featured_media":0,"parent":0,"menu_order":0,"comment_status":"closed","ping_status":"closed","template":"","meta":{"footnotes":""},"class_list":["post-107","page","type-page","status-publish","hentry"],"_links":{"self":[{"href":"https:\/\/www.lartedelabbacho.it\/index.php\/wp-json\/wp\/v2\/pages\/107","targetHints":{"allow":["GET"]}}],"collection":[{"href":"https:\/\/www.lartedelabbacho.it\/index.php\/wp-json\/wp\/v2\/pages"}],"about":[{"href":"https:\/\/www.lartedelabbacho.it\/index.php\/wp-json\/wp\/v2\/types\/page"}],"author":[{"embeddable":true,"href":"https:\/\/www.lartedelabbacho.it\/index.php\/wp-json\/wp\/v2\/users\/1"}],"replies":[{"embeddable":true,"href":"https:\/\/www.lartedelabbacho.it\/index.php\/wp-json\/wp\/v2\/comments?post=107"}],"version-history":[{"count":1,"href":"https:\/\/www.lartedelabbacho.it\/index.php\/wp-json\/wp\/v2\/pages\/107\/revisions"}],"predecessor-version":[{"id":108,"href":"https:\/\/www.lartedelabbacho.it\/index.php\/wp-json\/wp\/v2\/pages\/107\/revisions\/108"}],"wp:attachment":[{"href":"https:\/\/www.lartedelabbacho.it\/index.php\/wp-json\/wp\/v2\/media?parent=107"}],"curies":[{"name":"wp","href":"https:\/\/api.w.org\/{rel}","templated":true}]}}